{"id":39,"date":"2017-01-08T12:58:10","date_gmt":"2017-01-08T12:58:10","guid":{"rendered":"https:\/\/kreativhuhn.de\/?page_id=39"},"modified":"2017-01-11T18:19:05","modified_gmt":"2017-01-11T17:19:05","slug":"home-2","status":"publish","type":"page","link":"https:\/\/kreativhuhn.de\/?page_id=39","title":{"rendered":"\u00dcber mich"},"content":{"rendered":"<p>Mein Name ist Sandra Blecher. Ich bin 1970 in Teheran zur Welt gekommen.<\/p>\n<p>Mein Weg f\u00fchrte mich vom Iran direkt nach Nordrhein-Westfalen, wo ich nach meinem Schulabschluss eine Ausbildung zur Damenschneiderin im Handwerk gemacht habe.<\/p>\n<p>Den Spa\u00df an Auslandsaufenthalten habe ich dabei nie verloren und habe deshalb nach Abschluss der Ausbildung zun\u00e4chst als Stewardess gearbeitet.<\/p>\n<p>Inzwischen lebe ich mit meinem Mann und Sohn in Frankfurt am Main.<\/p>\n<p>Die Kreativit\u00e4t hat mich von Kindesbein an begleitet. Ich bin immer offen f\u00fcr neue Ideen und neue Menschen, ich bin spontan, bin schnell zu begeistern und kann mir ein Leben ohne Kreativit\u00e4t nicht vorstellen.<\/p>\n<p>Mit dem KREATIV HUHN Frankfurt konnte ich einen lang gehegten Traum endlich realisieren .<\/p>\n<p>Meine gr\u00f6\u00dfte Leidenschaft ist das Papier, daher ist Scrapbooking genau das richtige f\u00fcr mich.<\/p>\n<p>Jetzt fragen sich die ein oder anderen sicher was ist Scrapbooking?<\/p>\n<p>Der Ursprung liegt im Schnippselalbum, welches dazu mals schon Queen Victoria \u2026.<\/p>\n<p>Es macht mir unheimlich viel Spa\u00df zu fotografieren und die Werke kreativ mit Papier zu gestalten. Scrapbooking macht mich sehr gl\u00fccklich und ich m\u00f6chte meine Begeisterung f\u00fcr Scrapbooking gerne teilen.<\/p>\n<p>Das ist aber noch lange nicht alles.<\/p>\n<p>Jeder meiner Kursleiter bringt seine eigene Leidenschaft mit, von Stoff \u00fcber Beton, Ton, Keramik, Holz, Filz Kr\u00e4utersalze, Herstellung von Aroma-\u00d6len, Schmuckgestaltung, Mosaik und vieles mehr.<\/p>\n<p>Gemeinsam kreativ sein, bewusst eine Auszeit vom Alltag nehmen und dann noch was selbst Erschaffenes in H\u00e4nden halten. Das ist Freude ,Therapie und Gl\u00fccksgef\u00fchl in einem.<\/p>\n<p>Komm doch einfach zu einem Workshop vorbei und sei ein Teil des Ganzen!<\/p>\n<p>Sandra<\/p>\n<p align=\"justify\">\n","protected":false},"excerpt":{"rendered":"<p>Mein Name ist Sandra Blecher. Ich bin 1970 in Teheran zur Welt gekommen. Mein Weg f\u00fchrte mich vom Iran direkt nach Nordrhein-Westfalen, wo ich nach meinem Schulabschluss eine Ausbildung zur &hellip; <\/p>\n<p class=\"link-more\"><a href=\"https:\/\/kreativhuhn.de\/?page_id=39\" class=\"more-link\"><span class=\"screen-reader-text\">\u201e\u00dcber mich\u201c<\/span> weiterlesen<\/a><\/p>\n","protected":false},"author":1,"featured_media":0,"parent":2,"menu_order":0,"comment_status":"closed","ping_status":"closed","template":"","meta":{"footnotes":""},"class_list":["post-39","page","type-page","status-publish","hentry"],"_links":{"self":[{"href":"https:\/\/kreativhuhn.de\/index.php?rest_route=\/wp\/v2\/pages\/39","targetHints":{"allow":["GET"]}}],"collection":[{"href":"https:\/\/kreativhuhn.de\/index.php?rest_route=\/wp\/v2\/pages"}],"about":[{"href":"https:\/\/kreativhuhn.de\/index.php?rest_route=\/wp\/v2\/types\/page"}],"author":[{"embeddable":true,"href":"https:\/\/kreativhuhn.de\/index.php?rest_route=\/wp\/v2\/users\/1"}],"replies":[{"embeddable":true,"href":"https:\/\/kreativhuhn.de\/index.php?rest_route=%2Fwp%2Fv2%2Fcomments&post=39"}],"version-history":[{"count":4,"href":"https:\/\/kreativhuhn.de\/index.php?rest_route=\/wp\/v2\/pages\/39\/revisions"}],"predecessor-version":[{"id":1968,"href":"https:\/\/kreativhuhn.de\/index.php?rest_route=\/wp\/v2\/pages\/39\/revisions\/1968"}],"up":[{"embeddable":true,"href":"https:\/\/kreativhuhn.de\/index.php?rest_route=\/wp\/v2\/pages\/2"}],"wp:attachment":[{"href":"https:\/\/kreativhuhn.de\/index.php?rest_route=%2Fwp%2Fv2%2Fmedia&parent=39"}],"curies":[{"name":"wp","href":"https:\/\/api.w.org\/{rel}","templated":true}]}}