{"id":2,"date":"2016-05-10T03:48:21","date_gmt":"2016-05-10T03:48:21","guid":{"rendered":"https:\/\/wp452m.a10-52-158-154.qa.plesk.ru\/wordpress\/?page_id=2"},"modified":"2026-03-18T20:19:14","modified_gmt":"2026-03-18T19:19:14","slug":"home","status":"publish","type":"page","link":"https:\/\/kreativhuhn.de\/","title":{"rendered":"Home"},"content":{"rendered":"\n<h2 class=\"wp-block-heading\"><\/h2>\n\n\n<div class=\"wp-block-image\">\n<figure class=\"aligncenter size-large is-resized\"><img loading=\"lazy\" decoding=\"async\" width=\"992\" height=\"445\" src=\"https:\/\/kreativhuhn.de\/wp-content\/uploads\/2021\/02\/Mr.Chicken_2.jpg\" alt=\"\" class=\"wp-image-1974\" style=\"width:513px;height:231px\" srcset=\"https:\/\/kreativhuhn.de\/wp-content\/uploads\/2021\/02\/Mr.Chicken_2.jpg 992w, https:\/\/kreativhuhn.de\/wp-content\/uploads\/2021\/02\/Mr.Chicken_2-300x135.jpg 300w, https:\/\/kreativhuhn.de\/wp-content\/uploads\/2021\/02\/Mr.Chicken_2-768x345.jpg 768w, https:\/\/kreativhuhn.de\/wp-content\/uploads\/2021\/02\/Mr.Chicken_2-350x157.jpg 350w\" sizes=\"auto, (max-width: 767px) 89vw, (max-width: 1000px) 54vw, (max-width: 1071px) 543px, 580px\" \/><\/figure><\/div>\n\n\n<h2 class=\"wp-block-heading has-text-align-center\"><strong>Neuer Workshop ab Oktober 2026 mit miss.elalin<\/strong><\/h2>\n\n\n\n<p class=\"has-text-align-center\"><img loading=\"lazy\" decoding=\"async\" width=\"150\" height=\"150\" class=\"wp-image-6123\" style=\"width: 150px;\" src=\"https:\/\/kreativhuhn.de\/wp-content\/uploads\/2026\/03\/Miss.Elalin-8-x-8-cm-1.png\" alt=\"\" srcset=\"https:\/\/kreativhuhn.de\/wp-content\/uploads\/2026\/03\/Miss.Elalin-8-x-8-cm-1.png 945w, https:\/\/kreativhuhn.de\/wp-content\/uploads\/2026\/03\/Miss.Elalin-8-x-8-cm-1-300x300.png 300w, https:\/\/kreativhuhn.de\/wp-content\/uploads\/2026\/03\/Miss.Elalin-8-x-8-cm-1-150x150.png 150w, https:\/\/kreativhuhn.de\/wp-content\/uploads\/2026\/03\/Miss.Elalin-8-x-8-cm-1-768x768.png 768w, https:\/\/kreativhuhn.de\/wp-content\/uploads\/2026\/03\/Miss.Elalin-8-x-8-cm-1-100x100.png 100w\" sizes=\"auto, (max-width: 150px) 100vw, 150px\" \/><\/p>\n\n\n\n<p class=\"has-text-align-center\">\u201eSalty Watercolor \u2013 Meer malen mit Aquarell\u201c<\/p>\n\n\n\n<figure class=\"wp-block-gallery has-nested-images columns-default is-cropped wp-block-gallery-1 is-layout-flex wp-block-gallery-is-layout-flex\">\n<figure class=\"wp-block-image size-full\"><img loading=\"lazy\" decoding=\"async\" width=\"1024\" height=\"683\" data-id=\"6120\" src=\"https:\/\/kreativhuhn.de\/wp-content\/uploads\/2026\/03\/DSC05567.jpg\" alt=\"\" class=\"wp-image-6120\" srcset=\"https:\/\/kreativhuhn.de\/wp-content\/uploads\/2026\/03\/DSC05567.jpg 1024w, https:\/\/kreativhuhn.de\/wp-content\/uploads\/2026\/03\/DSC05567-300x200.jpg 300w, https:\/\/kreativhuhn.de\/wp-content\/uploads\/2026\/03\/DSC05567-768x512.jpg 768w\" sizes=\"auto, (max-width: 767px) 89vw, (max-width: 1000px) 54vw, (max-width: 1071px) 543px, 580px\" \/><\/figure>\n<\/figure>\n\n\n\n<figure class=\"wp-block-gallery has-nested-images columns-default is-cropped wp-block-gallery-2 is-layout-flex wp-block-gallery-is-layout-flex\">\n<figure class=\"wp-block-image size-large\"><img loading=\"lazy\" decoding=\"async\" width=\"768\" height=\"1024\" data-id=\"6125\" src=\"https:\/\/kreativhuhn.de\/wp-content\/uploads\/2026\/03\/DSC05546-1.jpg\" alt=\"\" class=\"wp-image-6125\" srcset=\"https:\/\/kreativhuhn.de\/wp-content\/uploads\/2026\/03\/DSC05546-1.jpg 768w, https:\/\/kreativhuhn.de\/wp-content\/uploads\/2026\/03\/DSC05546-1-225x300.jpg 225w\" sizes=\"auto, (max-width: 767px) 89vw, (max-width: 1000px) 54vw, (max-width: 1071px) 543px, 580px\" \/><\/figure>\n<\/figure>\n\n\n\n<h2 class=\"wp-block-heading has-text-align-center\">Das KREATIV HUHN Frankfurt ist wieder mit dabei und freut sich sehr!<\/h2>\n\n\n\n<figure class=\"wp-block-image size-full\"><img loading=\"lazy\" decoding=\"async\" width=\"700\" height=\"500\" src=\"https:\/\/kreativhuhn.de\/wp-content\/uploads\/2024\/04\/FMK24_Auszeichnung_quer_700x500_neu-003.jpg\" alt=\"\" class=\"wp-image-4402\" srcset=\"https:\/\/kreativhuhn.de\/wp-content\/uploads\/2024\/04\/FMK24_Auszeichnung_quer_700x500_neu-003.jpg 700w, https:\/\/kreativhuhn.de\/wp-content\/uploads\/2024\/04\/FMK24_Auszeichnung_quer_700x500_neu-003-300x214.jpg 300w\" sizes=\"auto, (max-width: 700px) 100vw, 700px\" \/><\/figure>\n\n\n\n<h2 class=\"wp-block-heading has-text-align-center\"><\/h2>\n\n\n<p><span style=\"color: #ff3399;\"><strong>Willkommen beim KREATIV HUHN Frankfurt<\/strong><\/span><\/p>\n<div id=\"c5wrapper\" dir=\"ltr\">\n<div id=\"wrapper\" dir=\"ltr\">\n<div id=\"page\" dir=\"ltr\">\n<div id=\"page-bgtop\" dir=\"ltr\">\n<div id=\"page-bgbtm\" dir=\"ltr\">\n<div id=\"content\" dir=\"ltr\">\n<p>Der Ort an dem sich alles um Deine Kreativit\u00e4t dreht: ob Papiergestaltung, Upcycling, Buchbinden, M\u00f6belaufarbeitung, Kalligrafie, Handlettering, kreatives Arbeiten mit der Tufting- Gun, Aroma\u00f6le, Mosaikkurse, Betonkurse, Royal Icing Cookies oder vielleicht doch Stempel schnitzen und vieles mehr\u00a0 \u2013 hier ist alles m\u00f6glich! Dabei versteht sich das <strong>KREATIV<\/strong> <strong>HUHN<\/strong> Frankfurt als Ort der Entspannung, Erholung und nat\u00fcrlich geht es auch immer darum, jede Menge Spa\u00df zu haben. Bei uns steht die Freude am kreativen Prozess immer an erster Stelle, denn genau das schafft den Freiraum f\u00fcr neue Ideen. Du kannst Dich f\u00fcr einen meiner Kurse oder Workshops anmelden, oder es besteht die M\u00f6glichkeit mit mir zusammen Ideen zu entwickeln und nach M\u00f6glichkeit zu realisieren.\u00a0<\/p>\n<p>Neue Kursleiter\/innen mit kreativen Ideen sind herzlich willkommen!<\/p>\n<p>Auf diesen Seiten findest Du Infos \u00fcber meine Kurse und meinen Service.<\/p>\n<\/div>\n<\/div>\n<\/div>\n<\/div>\n<\/div>\n<\/div>\n\n\n<div class=\"wp-block-jetpack-slideshow aligncenter\" data-effect=\"slide\"><div class=\"wp-block-jetpack-slideshow_container swiper\"><ul class=\"wp-block-jetpack-slideshow_swiper-wrapper swiper-wrapper\"><li class=\"wp-block-jetpack-slideshow_slide swiper-slide\"><figure><img loading=\"lazy\" decoding=\"async\" width=\"2560\" height=\"1676\" alt=\"\" class=\"wp-block-jetpack-slideshow_image wp-image-2427\" data-id=\"2427\" src=\"https:\/\/kreativhuhn.de\/wp-content\/uploads\/2021\/04\/2021_5-scaled.jpg\" srcset=\"https:\/\/kreativhuhn.de\/wp-content\/uploads\/2021\/04\/2021_5-scaled.jpg 2560w, https:\/\/kreativhuhn.de\/wp-content\/uploads\/2021\/04\/2021_5-300x196.jpg 300w, https:\/\/kreativhuhn.de\/wp-content\/uploads\/2021\/04\/2021_5-1024x670.jpg 1024w, https:\/\/kreativhuhn.de\/wp-content\/uploads\/2021\/04\/2021_5-768x503.jpg 768w, https:\/\/kreativhuhn.de\/wp-content\/uploads\/2021\/04\/2021_5-1536x1005.jpg 1536w, https:\/\/kreativhuhn.de\/wp-content\/uploads\/2021\/04\/2021_5-2048x1341.jpg 2048w, https:\/\/kreativhuhn.de\/wp-content\/uploads\/2021\/04\/2021_5-350x229.jpg 350w, https:\/\/kreativhuhn.de\/wp-content\/uploads\/2021\/04\/2021_5-92x60.jpg 92w, https:\/\/kreativhuhn.de\/wp-content\/uploads\/2021\/04\/2021_5-137x90.jpg 137w\" sizes=\"auto, (max-width: 767px) 89vw, (max-width: 1000px) 54vw, (max-width: 1071px) 543px, 580px\" \/><\/figure><\/li><li class=\"wp-block-jetpack-slideshow_slide swiper-slide\"><figure><img loading=\"lazy\" decoding=\"async\" width=\"1573\" height=\"1068\" alt=\"\" class=\"wp-block-jetpack-slideshow_image wp-image-2433\" data-id=\"2433\" src=\"https:\/\/kreativhuhn.de\/wp-content\/uploads\/2021\/04\/2021_2-1.jpg\" srcset=\"https:\/\/kreativhuhn.de\/wp-content\/uploads\/2021\/04\/2021_2-1.jpg 1573w, https:\/\/kreativhuhn.de\/wp-content\/uploads\/2021\/04\/2021_2-1-300x204.jpg 300w, https:\/\/kreativhuhn.de\/wp-content\/uploads\/2021\/04\/2021_2-1-1024x695.jpg 1024w, https:\/\/kreativhuhn.de\/wp-content\/uploads\/2021\/04\/2021_2-1-768x521.jpg 768w, https:\/\/kreativhuhn.de\/wp-content\/uploads\/2021\/04\/2021_2-1-1536x1043.jpg 1536w, https:\/\/kreativhuhn.de\/wp-content\/uploads\/2021\/04\/2021_2-1-350x238.jpg 350w, https:\/\/kreativhuhn.de\/wp-content\/uploads\/2021\/04\/2021_2-1-88x60.jpg 88w, https:\/\/kreativhuhn.de\/wp-content\/uploads\/2021\/04\/2021_2-1-133x90.jpg 133w\" sizes=\"auto, (max-width: 767px) 89vw, (max-width: 1000px) 54vw, (max-width: 1071px) 543px, 580px\" \/><\/figure><\/li><li class=\"wp-block-jetpack-slideshow_slide swiper-slide\"><figure><img loading=\"lazy\" decoding=\"async\" width=\"1592\" height=\"1001\" alt=\"\" class=\"wp-block-jetpack-slideshow_image wp-image-2434\" data-id=\"2434\" src=\"https:\/\/kreativhuhn.de\/wp-content\/uploads\/2021\/04\/2021_3-1.jpg\" srcset=\"https:\/\/kreativhuhn.de\/wp-content\/uploads\/2021\/04\/2021_3-1.jpg 1592w, https:\/\/kreativhuhn.de\/wp-content\/uploads\/2021\/04\/2021_3-1-300x189.jpg 300w, https:\/\/kreativhuhn.de\/wp-content\/uploads\/2021\/04\/2021_3-1-1024x644.jpg 1024w, https:\/\/kreativhuhn.de\/wp-content\/uploads\/2021\/04\/2021_3-1-768x483.jpg 768w, https:\/\/kreativhuhn.de\/wp-content\/uploads\/2021\/04\/2021_3-1-1536x966.jpg 1536w, https:\/\/kreativhuhn.de\/wp-content\/uploads\/2021\/04\/2021_3-1-350x220.jpg 350w, https:\/\/kreativhuhn.de\/wp-content\/uploads\/2021\/04\/2021_3-1-95x60.jpg 95w, https:\/\/kreativhuhn.de\/wp-content\/uploads\/2021\/04\/2021_3-1-143x90.jpg 143w\" sizes=\"auto, (max-width: 767px) 89vw, (max-width: 1000px) 54vw, (max-width: 1071px) 543px, 580px\" \/><\/figure><\/li><li class=\"wp-block-jetpack-slideshow_slide swiper-slide\"><figure><img loading=\"lazy\" decoding=\"async\" width=\"1523\" height=\"974\" alt=\"\" class=\"wp-block-jetpack-slideshow_image wp-image-2435\" data-id=\"2435\" src=\"https:\/\/kreativhuhn.de\/wp-content\/uploads\/2021\/04\/2021_6-1.jpg\" srcset=\"https:\/\/kreativhuhn.de\/wp-content\/uploads\/2021\/04\/2021_6-1.jpg 1523w, https:\/\/kreativhuhn.de\/wp-content\/uploads\/2021\/04\/2021_6-1-300x192.jpg 300w, https:\/\/kreativhuhn.de\/wp-content\/uploads\/2021\/04\/2021_6-1-1024x655.jpg 1024w, https:\/\/kreativhuhn.de\/wp-content\/uploads\/2021\/04\/2021_6-1-768x491.jpg 768w, https:\/\/kreativhuhn.de\/wp-content\/uploads\/2021\/04\/2021_6-1-350x224.jpg 350w, https:\/\/kreativhuhn.de\/wp-content\/uploads\/2021\/04\/2021_6-1-94x60.jpg 94w, https:\/\/kreativhuhn.de\/wp-content\/uploads\/2021\/04\/2021_6-1-141x90.jpg 141w\" sizes=\"auto, (max-width: 767px) 89vw, (max-width: 1000px) 54vw, (max-width: 1071px) 543px, 580px\" \/><\/figure><\/li><li class=\"wp-block-jetpack-slideshow_slide swiper-slide\"><figure><img loading=\"lazy\" decoding=\"async\" width=\"1743\" height=\"1092\" alt=\"\" class=\"wp-block-jetpack-slideshow_image wp-image-3032\" data-id=\"3032\" src=\"https:\/\/kreativhuhn.de\/wp-content\/uploads\/2022\/03\/MG_9192.jpg\" srcset=\"https:\/\/kreativhuhn.de\/wp-content\/uploads\/2022\/03\/MG_9192.jpg 1743w, https:\/\/kreativhuhn.de\/wp-content\/uploads\/2022\/03\/MG_9192-300x188.jpg 300w, https:\/\/kreativhuhn.de\/wp-content\/uploads\/2022\/03\/MG_9192-1024x642.jpg 1024w, https:\/\/kreativhuhn.de\/wp-content\/uploads\/2022\/03\/MG_9192-768x481.jpg 768w, https:\/\/kreativhuhn.de\/wp-content\/uploads\/2022\/03\/MG_9192-1536x962.jpg 1536w, https:\/\/kreativhuhn.de\/wp-content\/uploads\/2022\/03\/MG_9192-350x219.jpg 350w, https:\/\/kreativhuhn.de\/wp-content\/uploads\/2022\/03\/MG_9192-96x60.jpg 96w, https:\/\/kreativhuhn.de\/wp-content\/uploads\/2022\/03\/MG_9192-144x90.jpg 144w\" sizes=\"auto, (max-width: 767px) 89vw, (max-width: 1000px) 54vw, (max-width: 1071px) 543px, 580px\" \/><\/figure><\/li><li class=\"wp-block-jetpack-slideshow_slide swiper-slide\"><figure><img loading=\"lazy\" decoding=\"async\" width=\"1488\" height=\"909\" alt=\"\" class=\"wp-block-jetpack-slideshow_image wp-image-3033\" data-id=\"3033\" src=\"https:\/\/kreativhuhn.de\/wp-content\/uploads\/2022\/03\/MG_9154.jpg\" srcset=\"https:\/\/kreativhuhn.de\/wp-content\/uploads\/2022\/03\/MG_9154.jpg 1488w, https:\/\/kreativhuhn.de\/wp-content\/uploads\/2022\/03\/MG_9154-300x183.jpg 300w, https:\/\/kreativhuhn.de\/wp-content\/uploads\/2022\/03\/MG_9154-1024x626.jpg 1024w, https:\/\/kreativhuhn.de\/wp-content\/uploads\/2022\/03\/MG_9154-768x469.jpg 768w, https:\/\/kreativhuhn.de\/wp-content\/uploads\/2022\/03\/MG_9154-350x214.jpg 350w, https:\/\/kreativhuhn.de\/wp-content\/uploads\/2022\/03\/MG_9154-98x60.jpg 98w, https:\/\/kreativhuhn.de\/wp-content\/uploads\/2022\/03\/MG_9154-147x90.jpg 147w\" sizes=\"auto, (max-width: 767px) 89vw, (max-width: 1000px) 54vw, (max-width: 1071px) 543px, 580px\" \/><\/figure><\/li><li class=\"wp-block-jetpack-slideshow_slide swiper-slide\"><figure><img loading=\"lazy\" decoding=\"async\" width=\"1743\" height=\"1092\" alt=\"\" class=\"wp-block-jetpack-slideshow_image wp-image-3034\" data-id=\"3034\" src=\"https:\/\/kreativhuhn.de\/wp-content\/uploads\/2022\/03\/MG_9192-1.jpg\" srcset=\"https:\/\/kreativhuhn.de\/wp-content\/uploads\/2022\/03\/MG_9192-1.jpg 1743w, https:\/\/kreativhuhn.de\/wp-content\/uploads\/2022\/03\/MG_9192-1-300x188.jpg 300w, https:\/\/kreativhuhn.de\/wp-content\/uploads\/2022\/03\/MG_9192-1-1024x642.jpg 1024w, https:\/\/kreativhuhn.de\/wp-content\/uploads\/2022\/03\/MG_9192-1-768x481.jpg 768w, https:\/\/kreativhuhn.de\/wp-content\/uploads\/2022\/03\/MG_9192-1-1536x962.jpg 1536w, https:\/\/kreativhuhn.de\/wp-content\/uploads\/2022\/03\/MG_9192-1-350x219.jpg 350w, https:\/\/kreativhuhn.de\/wp-content\/uploads\/2022\/03\/MG_9192-1-96x60.jpg 96w, https:\/\/kreativhuhn.de\/wp-content\/uploads\/2022\/03\/MG_9192-1-144x90.jpg 144w\" sizes=\"auto, (max-width: 767px) 89vw, (max-width: 1000px) 54vw, (max-width: 1071px) 543px, 580px\" \/><\/figure><\/li><li class=\"wp-block-jetpack-slideshow_slide swiper-slide\"><figure><img loading=\"lazy\" decoding=\"async\" width=\"1660\" height=\"1065\" alt=\"\" class=\"wp-block-jetpack-slideshow_image wp-image-3035\" data-id=\"3035\" src=\"https:\/\/kreativhuhn.de\/wp-content\/uploads\/2022\/03\/MG_9080.jpg\" srcset=\"https:\/\/kreativhuhn.de\/wp-content\/uploads\/2022\/03\/MG_9080.jpg 1660w, https:\/\/kreativhuhn.de\/wp-content\/uploads\/2022\/03\/MG_9080-300x192.jpg 300w, https:\/\/kreativhuhn.de\/wp-content\/uploads\/2022\/03\/MG_9080-1024x657.jpg 1024w, https:\/\/kreativhuhn.de\/wp-content\/uploads\/2022\/03\/MG_9080-768x493.jpg 768w, https:\/\/kreativhuhn.de\/wp-content\/uploads\/2022\/03\/MG_9080-1536x985.jpg 1536w, https:\/\/kreativhuhn.de\/wp-content\/uploads\/2022\/03\/MG_9080-350x225.jpg 350w, https:\/\/kreativhuhn.de\/wp-content\/uploads\/2022\/03\/MG_9080-94x60.jpg 94w, https:\/\/kreativhuhn.de\/wp-content\/uploads\/2022\/03\/MG_9080-140x90.jpg 140w\" sizes=\"auto, (max-width: 767px) 89vw, (max-width: 1000px) 54vw, (max-width: 1071px) 543px, 580px\" \/><\/figure><\/li><\/ul><a class=\"wp-block-jetpack-slideshow_button-prev swiper-button-prev swiper-button-white\" role=\"button\"><\/a><a class=\"wp-block-jetpack-slideshow_button-next swiper-button-next swiper-button-white\" role=\"button\"><\/a><a aria-label=\"Pause Slideshow\" class=\"wp-block-jetpack-slideshow_button-pause\" role=\"button\"><\/a><div class=\"wp-block-jetpack-slideshow_pagination swiper-pagination swiper-pagination-white\"><\/div><\/div><\/div>\n\n\n\n<h2 class=\"wp-block-heading\">Der offizielle Film vom <strong>KREATIV HUHN<\/strong> Frankfurt<\/h2>\n\n\n\n<p>Danke liebe Tina L\u00f6wer&nbsp; <strong>*Video*Vision*Voice*<\/strong>&nbsp;<a href=\"https:\/\/www.tinaloewer.de\/\">www.tinaloewer.de<\/a><\/p>\n\n\n\n<figure class=\"wp-block-video\"><video controls src=\"https:\/\/kreativhuhn.de\/wp-content\/uploads\/2020\/08\/VID-20200619-WA0000.mp4\"><\/video><\/figure>\n\n\n\n<h2 class=\"wp-block-heading\"><\/h2>\n\n\n\n<figure class=\"wp-block-image size-large is-resized\"><a href=\"https:\/\/youtu.be\/SwCmR7CtJuU\"><img loading=\"lazy\" decoding=\"async\" width=\"381\" height=\"85\" src=\"https:\/\/kreativhuhn.de\/wp-content\/uploads\/2021\/04\/yt_logo_rgb_light-Kopie.jpg\" alt=\"\" class=\"wp-image-2582\" style=\"width:262px;height:59px\" srcset=\"https:\/\/kreativhuhn.de\/wp-content\/uploads\/2021\/04\/yt_logo_rgb_light-Kopie.jpg 381w, https:\/\/kreativhuhn.de\/wp-content\/uploads\/2021\/04\/yt_logo_rgb_light-Kopie-300x67.jpg 300w, https:\/\/kreativhuhn.de\/wp-content\/uploads\/2021\/04\/yt_logo_rgb_light-Kopie-350x78.jpg 350w, https:\/\/kreativhuhn.de\/wp-content\/uploads\/2021\/04\/yt_logo_rgb_light-Kopie-190x42.jpg 190w\" sizes=\"auto, (max-width: 381px) 100vw, 381px\" \/><\/a><\/figure>\n\n\n\n<h1 class=\"wp-block-heading\">Anschrift<\/h1>\n\n\n\n<p><strong>KREATIV HUHN<\/strong> Frankfurt <\/p>\n\n\n\n<p>Sandra Blecher                                                                                                              <\/p>\n\n\n\n<p>Schwarzwaldstra\u00dfe 73                                                                                                       <\/p>\n\n\n\n<p>60528 Frankfurt am Main &#8211; Niederrad &nbsp;                                      <\/p>\n\n\n\n<p>sandra@kreativhuhn.de<\/p>\n\n\n\n<h2 class=\"wp-block-heading\"><\/h2>\n","protected":false},"excerpt":{"rendered":"<p>Neuer Workshop ab Oktober 2026 mit miss.elalin \u201eSalty Watercolor \u2013 Meer malen mit Aquarell\u201c Das KREATIV HUHN Frankfurt ist wieder mit dabei und freut sich sehr! Willkommen beim KREATIV HUHN &hellip; <\/p>\n<p class=\"link-more\"><a href=\"https:\/\/kreativhuhn.de\/\" class=\"more-link\"><span class=\"screen-reader-text\">\u201eHome\u201c<\/span> weiterlesen<\/a><\/p>\n","protected":false},"author":1,"featured_media":2419,"parent":0,"menu_order":0,"comment_status":"closed","ping_status":"closed","template":"","meta":{"footnotes":""},"class_list":["post-2","page","type-page","status-publish","has-post-thumbnail","hentry"],"_links":{"self":[{"href":"https:\/\/kreativhuhn.de\/index.php?rest_route=\/wp\/v2\/pages\/2","targetHints":{"allow":["GET"]}}],"collection":[{"href":"https:\/\/kreativhuhn.de\/index.php?rest_route=\/wp\/v2\/pages"}],"about":[{"href":"https:\/\/kreativhuhn.de\/index.php?rest_route=\/wp\/v2\/types\/page"}],"author":[{"embeddable":true,"href":"https:\/\/kreativhuhn.de\/index.php?rest_route=\/wp\/v2\/users\/1"}],"replies":[{"embeddable":true,"href":"https:\/\/kreativhuhn.de\/index.php?rest_route=%2Fwp%2Fv2%2Fcomments&post=2"}],"version-history":[{"count":172,"href":"https:\/\/kreativhuhn.de\/index.php?rest_route=\/wp\/v2\/pages\/2\/revisions"}],"predecessor-version":[{"id":6131,"href":"https:\/\/kreativhuhn.de\/index.php?rest_route=\/wp\/v2\/pages\/2\/revisions\/6131"}],"wp:featuredmedia":[{"embeddable":true,"href":"https:\/\/kreativhuhn.de\/index.php?rest_route=\/wp\/v2\/media\/2419"}],"wp:attachment":[{"href":"https:\/\/kreativhuhn.de\/index.php?rest_route=%2Fwp%2Fv2%2Fmedia&parent=2"}],"curies":[{"name":"wp","href":"https:\/\/api.w.org\/{rel}","templated":true}]}}